{"id":600,"date":"2016-10-24T14:43:46","date_gmt":"2016-10-24T18:43:46","guid":{"rendered":"http:\/\/simon.wps.dev\/fr\/mortgage-pre-approval\/"},"modified":"2017-01-14T22:46:33","modified_gmt":"2017-01-15T03:46:33","slug":"mortgage-pre-approval","status":"publish","type":"page","link":"https:\/\/sepersaidali.ca\/fr\/home-purchase\/mortgage-pre-approval\/","title":{"rendered":"Pr\u00e9approbation Hypoth\u00e9caire"},"content":{"rendered":"<div class=\"videoWrapper\">\n<iframe width=\"640\" height=\"360\" src=\"https:\/\/www.youtube.com\/embed\/FjVJi46A6wQ?rel=0\" frameborder=\"0\" allowfullscreen><\/iframe>\n<\/div>\n<blockquote><p>LE PROFESSIONNEL HYPOTH\u00c9CAIRE QUI TRAVAILLE AVEC VOUS LORS DE VOTRE PR\u00c9-APPROBATION VOUS INDIQUERA CE \u00c0 QUOI VOUS POUVEZ ACC\u00c9DER, EN CONSID\u00c9RANT LES CRIT\u00c8RES DU PR\u00caTEUR ET DE L\u2019ASSUREUR, ET COMBIEN VOUS PAYEREZ SUR UNE HYPOTH\u00c8QUE EN PARTICULIER.<\/p><\/blockquote>\n<p>Les professionnels des centres hypoth\u00e9caires Dominion peuvent vous garantir un taux d\u2019int\u00e9r\u00eat entre 60 et 120 jours pendant que vous magasinez pour votre propri\u00e9t\u00e9. En assurant un taux, vous \u00eates assur\u00e9 d\u2019avoir une hypoth\u00e8que \u00e0 ce taux ou m\u00eame plus bas. Si les taux d\u2019int\u00e9r\u00eats baissent, votre taux garanti baisse \u00e9galement. Cependant, si les taux d\u2019int\u00e9r\u00eats augmentent, votre taux garanti restera le m\u00eame. Vous aurez ainsi le meilleur taux possible durant tout le processus de pr\u00e9approbation hypoth\u00e9caire.<\/p>\n<p>Afin d\u2019\u00eatre pr\u00e9approuv\u00e9, un courtier hypoth\u00e9caire aura besoin de quelques informations qui lui permettront de d\u00e9terminer votre pouvoir d\u2019achat. Il pourra vous expliquer les avantages d\u2019une hypoth\u00e8que \u00e0 court ou \u00e0 long terme, les plus r\u00e9cents programmes offerts et quels produits hypoth\u00e9caires sont consid\u00e9r\u00e9s comme les plus adapt\u00e9s \u00e0 vos besoins. Il \u00e9valuera tous les autres co\u00fbts que l\u2019achat d\u2019une propri\u00e9t\u00e9 implique.<\/p>\n<p>La pr\u00e9approbation hypoth\u00e9caire est une \u00e9tape que chaque acheteur potentiel devrait faire avant de magasiner pour une propri\u00e9t\u00e9. Une pr\u00e9approbation peut vous donner la confiance qui vient en sachant quel financement est disponible, et peut vous placer dans une situation favorable par rapport aux acheteurs sans pr\u00e9approbation.<\/p>\n","protected":false},"excerpt":{"rendered":"<p>Soyez certain d\u2019\u00eatre pr\u00e9approuv\u00e9, si vous pensez \u00e0 acheter une nouvelle propri\u00e9t\u00e9. Avec une pr\u00e9approbation hypoth\u00e9caire, un courtier hypoth\u00e9caire peut proc\u00e9der \u00e0 une v\u00e9rification plus compl\u00e8te avant de vous envoyer magasiner pour une maison.<\/p>\n","protected":false},"author":1,"featured_media":521,"parent":628,"menu_order":0,"comment_status":"closed","ping_status":"closed","template":"","meta":[],"yoast_head":"<!-- This site is optimized with the Yoast SEO plugin v17.1 - https:\/\/yoast.com\/wordpress\/plugins\/seo\/ -->\n<meta name=\"robots\" content=\"index, follow, max-snippet:-1, max-image-preview:large, max-video-preview:-1\" \/>\n<link rel=\"canonical\" href=\"https:\/\/sepersaidali.ca\/fr\/home-purchase\/mortgage-pre-approval\/\" \/>\n<meta property=\"og:locale\" content=\"fr_FR\" \/>\n<meta property=\"og:type\" content=\"article\" \/>\n<meta property=\"og:title\" content=\"Pr\u00e9approbation Hypoth\u00e9caire - Centres Hypoth\u00e9caires Dominion\" \/>\n<meta property=\"og:description\" content=\"Soyez certain d\u2019\u00eatre pr\u00e9approuv\u00e9, si vous pensez \u00e0 acheter une nouvelle propri\u00e9t\u00e9. Avec une pr\u00e9approbation hypoth\u00e9caire, un courtier hypoth\u00e9caire peut proc\u00e9der \u00e0 une v\u00e9rification plus compl\u00e8te avant de vous envoyer magasiner pour une maison.\" \/>\n<meta property=\"og:url\" content=\"https:\/\/sepersaidali.ca\/fr\/home-purchase\/mortgage-pre-approval\/\" \/>\n<meta property=\"og:site_name\" content=\"Centres Hypoth\u00e9caires Dominion\" \/>\n<meta property=\"article:modified_time\" content=\"2017-01-15T03:46:33+00:00\" \/>\n<meta property=\"og:image\" content=\"https:\/\/sepersaidali.ca\/wp-content\/uploads\/2016\/10\/mortgage-preapproval.jpg\" \/>\n\t<meta property=\"og:image:width\" content=\"1200\" \/>\n\t<meta property=\"og:image:height\" content=\"611\" \/>\n<meta name=\"twitter:card\" content=\"summary\" \/>\n<meta name=\"twitter:label1\" content=\"Dur\u00e9e de lecture est.\" \/>\n\t<meta name=\"twitter:data1\" content=\"1 minute\" \/>\n<script type=\"application\/ld+json\" class=\"yoast-schema-graph\">{\"@context\":\"https:\/\/schema.org\",\"@graph\":[{\"@type\":\"Organization\",\"@id\":\"https:\/\/sepersaidali.ca\/#organization\",\"name\":\"Centres Hypoth\\u00e9caires Dominion\",\"url\":\"https:\/\/sepersaidali.ca\/\",\"sameAs\":[],\"logo\":{\"@type\":\"ImageObject\",\"@id\":\"https:\/\/sepersaidali.ca\/#logo\",\"inLanguage\":\"fr-FR\",\"url\":\"http:\/\/master.wps.dlcserver.com\/wp-content\/uploads\/2017\/01\/vector_DLC1.jpg\",\"contentUrl\":\"http:\/\/master.wps.dlcserver.com\/wp-content\/uploads\/2017\/01\/vector_DLC1.jpg\",\"width\":369,\"height\":173,\"caption\":\"Centres Hypoth\\u00e9caires Dominion\"},\"image\":{\"@id\":\"https:\/\/sepersaidali.ca\/#logo\"}},{\"@type\":\"WebSite\",\"@id\":\"https:\/\/sepersaidali.ca\/#website\",\"url\":\"https:\/\/sepersaidali.ca\/\",\"name\":\"Centres Hypoth\\u00e9caires Dominion\",\"description\":\"Just another WordPress site\",\"publisher\":{\"@id\":\"https:\/\/sepersaidali.ca\/#organization\"},\"potentialAction\":[{\"@type\":\"SearchAction\",\"target\":{\"@type\":\"EntryPoint\",\"urlTemplate\":\"https:\/\/sepersaidali.ca\/?s={search_term_string}\"},\"query-input\":\"required name=search_term_string\"}],\"inLanguage\":\"fr-FR\"},{\"@type\":\"ImageObject\",\"@id\":\"https:\/\/sepersaidali.ca\/fr\/home-purchase\/mortgage-pre-approval\/#primaryimage\",\"inLanguage\":\"fr-FR\",\"url\":\"https:\/\/sepersaidali.ca\/wp-content\/uploads\/2016\/10\/mortgage-preapproval.jpg\",\"contentUrl\":\"https:\/\/sepersaidali.ca\/wp-content\/uploads\/2016\/10\/mortgage-preapproval.jpg\",\"width\":1200,\"height\":611},{\"@type\":\"WebPage\",\"@id\":\"https:\/\/sepersaidali.ca\/fr\/home-purchase\/mortgage-pre-approval\/#webpage\",\"url\":\"https:\/\/sepersaidali.ca\/fr\/home-purchase\/mortgage-pre-approval\/\",\"name\":\"Pr\\u00e9approbation Hypoth\\u00e9caire - Centres Hypoth\\u00e9caires Dominion\",\"isPartOf\":{\"@id\":\"https:\/\/sepersaidali.ca\/#website\"},\"primaryImageOfPage\":{\"@id\":\"https:\/\/sepersaidali.ca\/fr\/home-purchase\/mortgage-pre-approval\/#primaryimage\"},\"datePublished\":\"2016-10-24T18:43:46+00:00\",\"dateModified\":\"2017-01-15T03:46:33+00:00\",\"breadcrumb\":{\"@id\":\"https:\/\/sepersaidali.ca\/fr\/home-purchase\/mortgage-pre-approval\/#breadcrumb\"},\"inLanguage\":\"fr-FR\",\"potentialAction\":[{\"@type\":\"ReadAction\",\"target\":[\"https:\/\/sepersaidali.ca\/fr\/home-purchase\/mortgage-pre-approval\/\"]}]},{\"@type\":\"BreadcrumbList\",\"@id\":\"https:\/\/sepersaidali.ca\/fr\/home-purchase\/mortgage-pre-approval\/#breadcrumb\",\"itemListElement\":[{\"@type\":\"ListItem\",\"position\":1,\"name\":\"Home\",\"item\":\"https:\/\/sepersaidali.ca\/fr\/\"},{\"@type\":\"ListItem\",\"position\":2,\"name\":\"Home Purchase\",\"item\":\"https:\/\/sepersaidali.ca\/fr\/home-purchase\/\"},{\"@type\":\"ListItem\",\"position\":3,\"name\":\"Pr\\u00e9approbation Hypoth\\u00e9caire\"}]}]}<\/script>\n<!-- \/ Yoast SEO plugin. -->","yoast_head_json":{"robots":{"index":"index","follow":"follow","max-snippet":"max-snippet:-1","max-image-preview":"max-image-preview:large","max-video-preview":"max-video-preview:-1"},"canonical":"https:\/\/sepersaidali.ca\/fr\/home-purchase\/mortgage-pre-approval\/","og_locale":"fr_FR","og_type":"article","og_title":"Pr\u00e9approbation Hypoth\u00e9caire - Centres Hypoth\u00e9caires Dominion","og_description":"Soyez certain d\u2019\u00eatre pr\u00e9approuv\u00e9, si vous pensez \u00e0 acheter une nouvelle propri\u00e9t\u00e9. Avec une pr\u00e9approbation hypoth\u00e9caire, un courtier hypoth\u00e9caire peut proc\u00e9der \u00e0 une v\u00e9rification plus compl\u00e8te avant de vous envoyer magasiner pour une maison.","og_url":"https:\/\/sepersaidali.ca\/fr\/home-purchase\/mortgage-pre-approval\/","og_site_name":"Centres Hypoth\u00e9caires Dominion","article_modified_time":"2017-01-15T03:46:33+00:00","og_image":[{"width":1200,"height":611,"url":"https:\/\/sepersaidali.ca\/wp-content\/uploads\/2016\/10\/mortgage-preapproval.jpg","path":"\/var\/www\/sites\/wps\/sites\/code\/wp-content\/uploads\/2016\/10\/mortgage-preapproval.jpg","size":"full","id":521,"alt":"","pixels":733200,"type":"image\/jpeg"}],"twitter_card":"summary","twitter_misc":{"Dur\u00e9e de lecture est.":"1 minute"},"schema":{"@context":"https:\/\/schema.org","@graph":[{"@type":"Organization","@id":"https:\/\/sepersaidali.ca\/#organization","name":"Centres Hypoth\u00e9caires Dominion","url":"https:\/\/sepersaidali.ca\/","sameAs":[],"logo":{"@type":"ImageObject","@id":"https:\/\/sepersaidali.ca\/#logo","inLanguage":"fr-FR","url":"http:\/\/master.wps.dlcserver.com\/wp-content\/uploads\/2017\/01\/vector_DLC1.jpg","contentUrl":"http:\/\/master.wps.dlcserver.com\/wp-content\/uploads\/2017\/01\/vector_DLC1.jpg","width":369,"height":173,"caption":"Centres Hypoth\u00e9caires Dominion"},"image":{"@id":"https:\/\/sepersaidali.ca\/#logo"}},{"@type":"WebSite","@id":"https:\/\/sepersaidali.ca\/#website","url":"https:\/\/sepersaidali.ca\/","name":"Centres Hypoth\u00e9caires Dominion","description":"Just another WordPress site","publisher":{"@id":"https:\/\/sepersaidali.ca\/#organization"},"potentialAction":[{"@type":"SearchAction","target":{"@type":"EntryPoint","urlTemplate":"https:\/\/sepersaidali.ca\/?s={search_term_string}"},"query-input":"required name=search_term_string"}],"inLanguage":"fr-FR"},{"@type":"ImageObject","@id":"https:\/\/sepersaidali.ca\/fr\/home-purchase\/mortgage-pre-approval\/#primaryimage","inLanguage":"fr-FR","url":"https:\/\/sepersaidali.ca\/wp-content\/uploads\/2016\/10\/mortgage-preapproval.jpg","contentUrl":"https:\/\/sepersaidali.ca\/wp-content\/uploads\/2016\/10\/mortgage-preapproval.jpg","width":1200,"height":611},{"@type":"WebPage","@id":"https:\/\/sepersaidali.ca\/fr\/home-purchase\/mortgage-pre-approval\/#webpage","url":"https:\/\/sepersaidali.ca\/fr\/home-purchase\/mortgage-pre-approval\/","name":"Pr\u00e9approbation Hypoth\u00e9caire - Centres Hypoth\u00e9caires Dominion","isPartOf":{"@id":"https:\/\/sepersaidali.ca\/#website"},"primaryImageOfPage":{"@id":"https:\/\/sepersaidali.ca\/fr\/home-purchase\/mortgage-pre-approval\/#primaryimage"},"datePublished":"2016-10-24T18:43:46+00:00","dateModified":"2017-01-15T03:46:33+00:00","breadcrumb":{"@id":"https:\/\/sepersaidali.ca\/fr\/home-purchase\/mortgage-pre-approval\/#breadcrumb"},"inLanguage":"fr-FR","potentialAction":[{"@type":"ReadAction","target":["https:\/\/sepersaidali.ca\/fr\/home-purchase\/mortgage-pre-approval\/"]}]},{"@type":"BreadcrumbList","@id":"https:\/\/sepersaidali.ca\/fr\/home-purchase\/mortgage-pre-approval\/#breadcrumb","itemListElement":[{"@type":"ListItem","position":1,"name":"Home","item":"https:\/\/sepersaidali.ca\/fr\/"},{"@type":"ListItem","position":2,"name":"Home Purchase","item":"https:\/\/sepersaidali.ca\/fr\/home-purchase\/"},{"@type":"ListItem","position":3,"name":"Pr\u00e9approbation Hypoth\u00e9caire"}]}]}},"_links":{"self":[{"href":"https:\/\/sepersaidali.ca\/fr\/wp-json\/wp\/v2\/pages\/600"}],"collection":[{"href":"https:\/\/sepersaidali.ca\/fr\/wp-json\/wp\/v2\/pages"}],"about":[{"href":"https:\/\/sepersaidali.ca\/fr\/wp-json\/wp\/v2\/types\/page"}],"author":[{"embeddable":true,"href":"https:\/\/sepersaidali.ca\/fr\/wp-json\/wp\/v2\/users\/1"}],"replies":[{"embeddable":true,"href":"https:\/\/sepersaidali.ca\/fr\/wp-json\/wp\/v2\/comments?post=600"}],"version-history":[{"count":2,"href":"https:\/\/sepersaidali.ca\/fr\/wp-json\/wp\/v2\/pages\/600\/revisions"}],"predecessor-version":[{"id":917,"href":"https:\/\/sepersaidali.ca\/fr\/wp-json\/wp\/v2\/pages\/600\/revisions\/917"}],"up":[{"embeddable":true,"href":"https:\/\/sepersaidali.ca\/fr\/wp-json\/wp\/v2\/pages\/628"}],"wp:featuredmedia":[{"embeddable":true,"href":"https:\/\/sepersaidali.ca\/fr\/wp-json\/wp\/v2\/media\/521"}],"wp:attachment":[{"href":"https:\/\/sepersaidali.ca\/fr\/wp-json\/wp\/v2\/media?parent=600"}],"curies":[{"name":"wp","href":"https:\/\/api.w.org\/{rel}","templated":true}]}}